{"id":32,"date":"2025-10-09T16:00:59","date_gmt":"2025-10-09T16:00:59","guid":{"rendered":"http:\/\/keyframz.fr\/?page_id=32"},"modified":"2026-01-08T10:47:11","modified_gmt":"2026-01-08T10:47:11","slug":"contact","status":"publish","type":"page","link":"https:\/\/keyframz.fr\/index.php\/contact\/","title":{"rendered":"Contact"},"content":{"rendered":"<p>[et_pb_section fb_built=\u00a0\u00bb1&Prime; _builder_version=\u00a0\u00bb4.27.4&Prime; _module_preset=\u00a0\u00bbdefault\u00a0\u00bb custom_margin=\u00a0\u00bb|30px||30px|false|false\u00a0\u00bb global_colors_info=\u00a0\u00bb{}\u00a0\u00bb][et_pb_row column_structure=\u00a0\u00bb1_3,1_3,1_3&Prime; _builder_version=\u00a0\u00bb4.27.4&Prime; _module_preset=\u00a0\u00bbdefault\u00a0\u00bb custom_margin=\u00a0\u00bb-22px|auto||auto||\u00a0\u00bb global_colors_info=\u00a0\u00bb{}\u00a0\u00bb][et_pb_column type=\u00a0\u00bb1_3&Prime; _builder_version=\u00a0\u00bb4.27.4&Prime; _module_preset=\u00a0\u00bbdefault\u00a0\u00bb global_colors_info=\u00a0\u00bb{}\u00a0\u00bb][et_pb_text _builder_version=\u00a0\u00bb4.27.4&Prime; _module_preset=\u00a0\u00bbdefault\u00a0\u00bb text_letter_spacing=\u00a0\u00bb1px\u00a0\u00bb text_line_height=\u00a0\u00bb2em\u00a0\u00bb custom_margin=\u00a0\u00bb||133px|||\u00a0\u00bb global_colors_info=\u00a0\u00bb{}\u00a0\u00bb]<\/p>\n<h3 style=\"text-align: right;\">\u00a0: :\u00a0 Contact<\/h3>\n<p style=\"padding-left: 40px; text-align: right;\">2.petrolboy <strong>[ <\/strong>at <strong>]<\/strong> gmail.com<br \/>+33 [0] 6 18 60 71 41<\/p>\n<p>[\/et_pb_text][et_pb_social_media_follow _builder_version=\u00a0\u00bb4.27.4&Prime; _module_preset=\u00a0\u00bbdefault\u00a0\u00bb global_colors_info=\u00a0\u00bb{}\u00a0\u00bb][\/et_pb_social_media_follow][\/et_pb_column][et_pb_column type=\u00a0\u00bb1_3&Prime; _builder_version=\u00a0\u00bb4.27.4&Prime; _module_preset=\u00a0\u00bbdefault\u00a0\u00bb global_colors_info=\u00a0\u00bb{}\u00a0\u00bb][et_pb_image src=\u00a0\u00bbhttp:\/\/keyframz.fr\/wp-content\/uploads\/2025\/10\/2_PETROLEUM_CRISIS_BOY_perso-contact.jpg\u00a0\u00bb title_text=\u00a0\u00bb2_PETROLEUM_CRISIS_BOY_perso contact\u00a0\u00bb align=\u00a0\u00bbcenter\u00a0\u00bb _builder_version=\u00a0\u00bb4.27.5&Prime; _module_preset=\u00a0\u00bbdefault\u00a0\u00bb transform_scale=\u00a0\u00bb77%|77%\u00a0\u00bb transform_translate=\u00a0\u00bb0px|-100px\u00a0\u00bb transform_translate_linked=\u00a0\u00bboff\u00a0\u00bb hover_enabled=\u00a0\u00bb0&Prime; global_colors_info=\u00a0\u00bb{}\u00a0\u00bb sticky_enabled=\u00a0\u00bb0&Prime;][\/et_pb_image][\/et_pb_column][et_pb_column type=\u00a0\u00bb1_3&Prime; _builder_version=\u00a0\u00bb4.27.4&Prime; _module_preset=\u00a0\u00bbdefault\u00a0\u00bb global_colors_info=\u00a0\u00bb{}\u00a0\u00bb][et_pb_text _builder_version=\u00a0\u00bb4.27.4&Prime; _module_preset=\u00a0\u00bbdefault\u00a0\u00bb global_colors_info=\u00a0\u00bb{}\u00a0\u00bb]<\/p>\n<h4 class=\"western\">Mentions l\u00e9gales<\/h4>\n<p align=\"LEFT\"><strong><span style=\"color: #808080;\">\u00c9diteur du site<\/span><\/strong><br \/><span style=\"color: #808080;\">Ga\u00ebtan Robert, ei<\/span><br \/><span style=\"color: #808080;\">N\u00b0 SIRET : 448 551 366 00025<\/span><\/p>\n<p align=\"LEFT\"><strong><span style=\"color: #808080;\">H\u00e9bergement<\/span><\/strong><br \/><span style=\"color: #808080;\">Le site est h\u00e9berg\u00e9 par OVH<\/span><br \/><span style=\"color: #808080;\">OVH SAS 2 rue Kellermann<\/span><br \/><span style=\"color: #808080;\">59100 Roubaix \u2013 France<\/span><\/p>\n<p align=\"LEFT\"><strong><span style=\"color: #808080;\">Propri\u00e9t\u00e9 intellectuelle<\/span><\/strong><br \/><span style=\"color: #808080;\">L\u2019ensemble des contenus pr\u00e9sents sur ce site (textes, images, vid\u00e9os, etc.) sont la propri\u00e9t\u00e9 exclusive de Ga\u00ebtan Robert, sauf mention contraire.<\/span> <span style=\"color: #808080;\">Toute reproduction est interdite sans autorisation pr\u00e9alable.<\/span><\/p>\n<p style=\"margin-bottom: 0cm;\">[\/et_pb_text][\/et_pb_column][\/et_pb_row][\/et_pb_section]<\/p>\n","protected":false},"excerpt":{"rendered":"<p>\u00a0: :\u00a0 Contact 2.petrolboy [ at ] gmail.com+33 [0] 6 18 60 71 41Mentions l\u00e9gales \u00c9diteur du siteGa\u00ebtan Robert, eiN\u00b0 SIRET : 448 551 366 00025 H\u00e9bergementLe site est h\u00e9berg\u00e9 par OVHOVH SAS 2 rue Kellermann59100 Roubaix \u2013 France Propri\u00e9t\u00e9 intellectuelleL\u2019ensemble des contenus pr\u00e9sents sur ce site (textes, images, vid\u00e9os, etc.) sont la propri\u00e9t\u00e9 exclusive [&hellip;]<\/p>\n","protected":false},"author":1,"featured_media":0,"parent":0,"menu_order":0,"comment_status":"closed","ping_status":"closed","template":"","meta":{"_et_pb_use_builder":"on","_et_pb_old_content":"","_et_gb_content_width":"","footnotes":""},"class_list":["post-32","page","type-page","status-publish","hentry"],"_links":{"self":[{"href":"https:\/\/keyframz.fr\/index.php\/wp-json\/wp\/v2\/pages\/32","targetHints":{"allow":["GET"]}}],"collection":[{"href":"https:\/\/keyframz.fr\/index.php\/wp-json\/wp\/v2\/pages"}],"about":[{"href":"https:\/\/keyframz.fr\/index.php\/wp-json\/wp\/v2\/types\/page"}],"author":[{"embeddable":true,"href":"https:\/\/keyframz.fr\/index.php\/wp-json\/wp\/v2\/users\/1"}],"replies":[{"embeddable":true,"href":"https:\/\/keyframz.fr\/index.php\/wp-json\/wp\/v2\/comments?post=32"}],"version-history":[{"count":18,"href":"https:\/\/keyframz.fr\/index.php\/wp-json\/wp\/v2\/pages\/32\/revisions"}],"predecessor-version":[{"id":819,"href":"https:\/\/keyframz.fr\/index.php\/wp-json\/wp\/v2\/pages\/32\/revisions\/819"}],"wp:attachment":[{"href":"https:\/\/keyframz.fr\/index.php\/wp-json\/wp\/v2\/media?parent=32"}],"curies":[{"name":"wp","href":"https:\/\/api.w.org\/{rel}","templated":true}]}}