{"id":29,"date":"2025-10-09T16:00:44","date_gmt":"2025-10-09T16:00:44","guid":{"rendered":"http:\/\/keyframz.fr\/?page_id=29"},"modified":"2025-11-17T09:06:09","modified_gmt":"2025-11-17T09:06:09","slug":"a-propos","status":"publish","type":"page","link":"https:\/\/keyframz.fr\/index.php\/a-propos\/","title":{"rendered":"\u00c0 propos"},"content":{"rendered":"<p>[et_pb_section fb_built=\u00a0\u00bb1&Prime; _builder_version=\u00a0\u00bb4.27.4&Prime; _module_preset=\u00a0\u00bbdefault\u00a0\u00bb custom_margin=\u00a0\u00bb|20px||20px|false|false\u00a0\u00bb global_colors_info=\u00a0\u00bb{}\u00a0\u00bb][et_pb_row column_structure=\u00a0\u00bb1_3,1_3,1_3&Prime; _builder_version=\u00a0\u00bb4.27.4&Prime; _module_preset=\u00a0\u00bbdefault\u00a0\u00bb custom_margin=\u00a0\u00bb-22px|auto||auto||\u00a0\u00bb hover_enabled=\u00a0\u00bb0&Prime; global_colors_info=\u00a0\u00bb{}\u00a0\u00bb sticky_enabled=\u00a0\u00bb0&Prime;][et_pb_column type=\u00a0\u00bb1_3&Prime; _builder_version=\u00a0\u00bb4.27.4&Prime; _module_preset=\u00a0\u00bbdefault\u00a0\u00bb global_colors_info=\u00a0\u00bb{}\u00a0\u00bb][et_pb_image src=\u00a0\u00bbhttp:\/\/keyframz.fr\/wp-content\/uploads\/2025\/11\/IMG_GR.png\u00a0\u00bb title_text=\u00a0\u00bbIMG_GR\u00a0\u00bb _builder_version=\u00a0\u00bb4.27.4&Prime; _module_preset=\u00a0\u00bbdefault\u00a0\u00bb hover_enabled=\u00a0\u00bb0&Prime; border_radii=\u00a0\u00bbon|412px|412px|412px|412px\u00a0\u00bb border_color_bottom=\u00a0\u00bb#000000&Prime; box_shadow_style=\u00a0\u00bbpreset3&Prime; global_colors_info=\u00a0\u00bb{}\u00a0\u00bb sticky_enabled=\u00a0\u00bb0&Prime;][\/et_pb_image][\/et_pb_column][et_pb_column type=\u00a0\u00bb1_3&Prime; _builder_version=\u00a0\u00bb4.27.4&Prime; _module_preset=\u00a0\u00bbdefault\u00a0\u00bb global_colors_info=\u00a0\u00bb{}\u00a0\u00bb][et_pb_text _builder_version=\u00a0\u00bb4.27.4&Prime; _module_preset=\u00a0\u00bbdefault\u00a0\u00bb border_width_bottom=\u00a0\u00bb1px\u00a0\u00bb global_colors_info=\u00a0\u00bb{}\u00a0\u00bb]<\/p>\n<h4 class=\"western\"><span style=\"color: #333333;\">: : Cr\u00e9ativit\u00e9<\/span><br \/><span style=\"color: #333333;\">Animation 2d \/ 3d : .<\/p>\n<p><\/span><\/h4>\n<p align=\"LEFT\"><span style=\"color: #808080;\">Fort d&rsquo;une premi\u00e8re exp\u00e9rience professionnelle o\u00f9 j&rsquo;\u00e9volue entre agence et annonceur [2002 : 2015] comme <strong>designer graphique<\/strong>,<br \/>je choisis de me recentrer sur le <strong>motion design<\/strong> [2015], un terrain d\u2019expression plus vaste et plus libre, qui me permet d\u2019explorer des formats vari\u00e9s :<br \/><strong>\u00e9v\u00e9nementiel, show, mapping, RS, VFX, g\u00e9n\u00e9riques de films<\/strong>, et plus encore.<\/span><\/p>\n<p><span style=\"color: #808080;\">En parall\u00e8le,<strong> j\u2019enseigne<\/strong> la cr\u00e9ation et le motion design en master dans plusieurs \u00e9coles, une activit\u00e9 qui nourrit ma pratique et me pousse \u00e0 rester en veille permanente.<\/span><\/p>\n<p align=\"LEFT\"><span style=\"color: #808080;\"><\/span><\/p>\n<p align=\"LEFT\"><span style=\"color: #808080;\"><\/span><\/p>\n<p align=\"LEFT\"><span style=\"color: #808080;\"><\/span><\/p>\n<p align=\"LEFT\"><span style=\"color: #808080;\"><\/span><\/p>\n<p style=\"margin-bottom: 0cm;\">[\/et_pb_text][et_pb_text _builder_version=\u00a0\u00bb4.27.4&Prime; _module_preset=\u00a0\u00bbdefault\u00a0\u00bb global_colors_info=\u00a0\u00bb{}\u00a0\u00bb]<\/p>\n<p><em><\/em><\/p>\n<p><em><\/em><\/p>\n<p><em><\/em><\/p>\n<p><em><\/em><\/p>\n<p><em>\u00ab Au-del\u00e0 de la ma\u00eetrise des logiciels, c\u2019est sa vision de communicant \u00e0 la fois 360\u00b0 et strat\u00e9gique ainsi que sa compr\u00e9hension rapide des projets qui sont un r\u00e9el atout\u00a0\u00bb<\/em><\/p>\n<p>[\/et_pb_text][\/et_pb_column][et_pb_column type=\u00a0\u00bb1_3&Prime; _builder_version=\u00a0\u00bb4.27.4&Prime; _module_preset=\u00a0\u00bbdefault\u00a0\u00bb global_colors_info=\u00a0\u00bb{}\u00a0\u00bb][et_pb_text _builder_version=\u00a0\u00bb4.27.4&Prime; _module_preset=\u00a0\u00bbdefault\u00a0\u00bb global_colors_info=\u00a0\u00bb{}\u00a0\u00bb]<\/p>\n<h4><span style=\"color: #333333;\">. : Facilit\u00e9 \u00e0 vulgariser<\/span><br \/><span style=\"color: #333333;\">et \u00e0 construire un message clair.<\/span><\/h4>\n<h4><span style=\"color: #333333;\">Attitude pro et bienveillante : .<\/p>\n<p><\/span><\/h4>\n<p><span style=\"color: #808080;\"><strong>Polyvalent et adaptable<\/strong>, je suis \u00e0 l\u2019\u00e9coute des besoins et des enjeux de chaque projet. Qu\u2019il s\u2019agisse d\u2019un brief structur\u00e9 ou d\u2019une id\u00e9e \u00e0 faire \u00e9merger, je m\u2019implique pleinement dans la r\u00e9flexion comme dans la r\u00e9alisation.<\/span><\/p>\n<p><span style=\"color: #808080;\">J\u2019aime <strong>explorer, tester, d\u00e9tourner<\/strong>, et surtout <strong>collaborer<\/strong>. Mon travail s\u2019inscrit souvent dans une dynamique collective : avec des agences, des artistes, des chercheurs, des lieux hybrides ou des structures innovantes.<\/span><\/p>\n<p><span style=\"color: #808080;\">Ce qui me stimule aujourd\u2019hui : <strong>croiser les univers<\/strong>, cr\u00e9er des ponts entre <strong>art, science, design et soci\u00e9t\u00e9<\/strong>, imaginer des formats nouveaux, sensibles, percutants.<\/span><\/p>\n<p><span style=\"color: #808080;\">Chaque projet est une opportunit\u00e9 de faire dialoguer les disciplines, d\u2019inventer des r\u00e9cits visuels, et de construire du sens \u2014 ensemble.<\/span><\/p>\n<p>&nbsp;<\/p>\n<p>&nbsp;<\/p>\n<p>[\/et_pb_text][\/et_pb_column][\/et_pb_row][\/et_pb_section]<\/p>\n","protected":false},"excerpt":{"rendered":"<p>: : Cr\u00e9ativit\u00e9Animation 2d \/ 3d : . Fort d&rsquo;une premi\u00e8re exp\u00e9rience professionnelle o\u00f9 j&rsquo;\u00e9volue entre agence et annonceur [2002 : 2015] comme designer graphique,je choisis de me recentrer sur le motion design [2015], un terrain d\u2019expression plus vaste et plus libre, qui me permet d\u2019explorer des formats vari\u00e9s :\u00e9v\u00e9nementiel, show, mapping, RS, VFX, g\u00e9n\u00e9riques [&hellip;]<\/p>\n","protected":false},"author":1,"featured_media":0,"parent":0,"menu_order":0,"comment_status":"closed","ping_status":"closed","template":"","meta":{"_et_pb_use_builder":"on","_et_pb_old_content":"<!-- wp:divi\/placeholder \/-->","_et_gb_content_width":"","footnotes":""},"class_list":["post-29","page","type-page","status-publish","hentry"],"_links":{"self":[{"href":"https:\/\/keyframz.fr\/index.php\/wp-json\/wp\/v2\/pages\/29","targetHints":{"allow":["GET"]}}],"collection":[{"href":"https:\/\/keyframz.fr\/index.php\/wp-json\/wp\/v2\/pages"}],"about":[{"href":"https:\/\/keyframz.fr\/index.php\/wp-json\/wp\/v2\/types\/page"}],"author":[{"embeddable":true,"href":"https:\/\/keyframz.fr\/index.php\/wp-json\/wp\/v2\/users\/1"}],"replies":[{"embeddable":true,"href":"https:\/\/keyframz.fr\/index.php\/wp-json\/wp\/v2\/comments?post=29"}],"version-history":[{"count":29,"href":"https:\/\/keyframz.fr\/index.php\/wp-json\/wp\/v2\/pages\/29\/revisions"}],"predecessor-version":[{"id":765,"href":"https:\/\/keyframz.fr\/index.php\/wp-json\/wp\/v2\/pages\/29\/revisions\/765"}],"wp:attachment":[{"href":"https:\/\/keyframz.fr\/index.php\/wp-json\/wp\/v2\/media?parent=29"}],"curies":[{"name":"wp","href":"https:\/\/api.w.org\/{rel}","templated":true}]}}